 {"id":5747,"date":"2026-02-09T11:10:01","date_gmt":"2026-02-09T11:10:01","guid":{"rendered":"https:\/\/mecigars.com\/?post_type=product&#038;p=5747"},"modified":"2026-02-09T11:10:01","modified_gmt":"2026-02-09T11:10:01","slug":"cohiba-esplendidos-gr-2023","status":"publish","type":"product","link":"https:\/\/mecigars.com\/en\/product\/cohiba-esplendidos-gr-2023\/","title":{"rendered":"Cohiba Esplendidos GR (2023)"},"content":{"rendered":"<p>2023 Black Label GR, the pinnacle flagship vitola of Cohiba, with exceptional appreciation potential.<\/p>\n<p data-start=\"138\" data-end=\"429\">Originally launched in 1989, the Cohiba Espl\u00e9ndido quickly became an icon and continues to reign supreme in the L\u00ednea Cl\u00e1sica. It is therefore only fitting that this legendary cigar was selected for the Gran Reserva series, which began in 2009 with the Cohiba Siglo VI. fitting that this legendary cigar was selected for the Gran Reserva series, which began in 2009 with the Cohiba Siglo VI.<\/p>\n<p data-start=\"431\" data-end=\"750\">Gran Reserva cigars are crafted using filler, binder, and wrapper leaves aged for a minimum of five years in balesbefore rolling. For the Espl\u00e9ndido Gran Reserva, originally planned for a 2023 release, all tobaccos come from the 2017 harvest, ensuring a cigar of exceptional quality and maturity. Reserva, originally planned for a 2023 release, all tobaccos come from the 2017 harvest, ensuring a cigar of exceptional quality and maturity.<\/p>\n<p data-start=\"752\" data-end=\"941\">Only 5,000 numbered lacquered boxes-each containing 15 cigars, totaling 75,000 cigars worldwide-have been produced, making them an extremely rare and coveted collector's item. making them an extremely rare and coveted collector's item.<\/p>\n<p data-start=\"943\" data-end=\"1188\">Handcrafted as tripa larga totalmente a mano (long-filler, entirely handmade), the Espl\u00e9ndido Gran Reserva uses only the finest leaves from Cuba's legendary Vuelta Abajo region in Pinar del R\u00edo-the world's premier tobacco-growing zone. The Espl\u00e9ndido Gran Reserva uses only the finest leaves from Cuba's legendary Vuelta Abajo region in Pinar del R\u00edo-the world's premier tobacco-growing zone.<\/p>\n<p data-start=\"1190\" data-end=\"1653\">The Cohiba Espl\u00e9ndido Gran Reserva delivers the pinnacle of luxury in Cuban cigars. Its rich, full-bodied profile is perfectly balanced with smooth, creamy textures and complex layers of leather, spice, and earthy nuances, creating an unparalleled smoking experience. Its rich, full-bodied profile is perfectly balanced with smooth, creamy textures and complex layers of leather, spice, and earthy nuances, creating an unparalleled smoking experience. as a prized collectible, this Gran Reserva stands as a testament to Cohiba's legendary craftsmanship, heritage, and timeless elegance.<\/p>","protected":false},"excerpt":{"rendered":"<ul>\n<li>Specification: 15 pcs\/box<\/li>\n<li>Year of publication: 2023<\/li>\n<li>Ring diameter: 50mm<\/li>\n<li>Length: 124mm<\/li>\n<li>Style: Regionally limited<\/li>\n<\/ul>","protected":false},"featured_media":5885,"template":"","meta":{"_acf_changed":false},"product_brand":[21],"product_cat":[114],"product_tag":[],"class_list":{"0":"post-5747","1":"product","2":"type-product","3":"status-publish","4":"has-post-thumbnail","6":"product_brand-cohiba","7":"product_cat-114","9":"first","10":"instock","11":"shipping-taxable","12":"purchasable","13":"product-type-simple"},"acf":[],"wcol_rules":[],"_links":{"self":[{"href":"https:\/\/mecigars.com\/en\/wp-json\/wp\/v2\/product\/5747","targetHints":{"allow":["GET"]}}],"collection":[{"href":"https:\/\/mecigars.com\/en\/wp-json\/wp\/v2\/product"}],"about":[{"href":"https:\/\/mecigars.com\/en\/wp-json\/wp\/v2\/types\/product"}],"wp:featuredmedia":[{"embeddable":true,"href":"https:\/\/mecigars.com\/en\/wp-json\/wp\/v2\/media\/5885"}],"wp:attachment":[{"href":"https:\/\/mecigars.com\/en\/wp-json\/wp\/v2\/media?parent=5747"}],"wp:term":[{"taxonomy":"product_brand","embeddable":true,"href":"https:\/\/mecigars.com\/en\/wp-json\/wp\/v2\/product_brand?post=5747"},{"taxonomy":"product_cat","embeddable":true,"href":"https:\/\/mecigars.com\/en\/wp-json\/wp\/v2\/product_cat?post=5747"},{"taxonomy":"product_tag","embeddable":true,"href":"https:\/\/mecigars.com\/en\/wp-json\/wp\/v2\/product_tag?post=5747"}],"curies":[{"name":"wp","href":"https:\/\/api.w.org\/{rel}","templated":true}]}}